{"id":973,"date":"2017-03-22T11:24:39","date_gmt":"2017-03-22T11:24:39","guid":{"rendered":"http:\/\/www.languagenut.com\/es-ec\/?page_id=973"},"modified":"2020-05-11T10:23:30","modified_gmt":"2020-05-11T09:23:30","slug":"contactenos","status":"publish","type":"page","link":"https:\/\/www.languagenut.com\/es-ec\/contactenos\/","title":{"rendered":"Contactenos"},"content":{"rendered":"<p>[et_pb_section fb_built=&#8221;1&#8243; admin_label=&#8221;section&#8221; _builder_version=&#8221;3.22&#8243;][et_pb_row column_structure=&#8221;2_3,1_3&#8243; custom_padding=&#8221;27px|0px|0px|0px&#8221; admin_label=&#8221;row&#8221; _builder_version=&#8221;3.25&#8243; background_size=&#8221;initial&#8221; background_position=&#8221;top_left&#8221; background_repeat=&#8221;repeat&#8221;][et_pb_column type=&#8221;2_3&#8243; _builder_version=&#8221;3.25&#8243; custom_padding=&#8221;|||&#8221; custom_padding__hover=&#8221;|||&#8221;][et_pb_text _builder_version=&#8221;3.17.1&#8243; background_size=&#8221;initial&#8221; background_position=&#8221;top_left&#8221; background_repeat=&#8221;repeat&#8221;]<span style=\"color: #22153d;\"><span style=\"font-size: 32px;\"><b>Contactenos<\/b><\/span><\/span><br \/>\n[\/et_pb_text][\/et_pb_column][et_pb_column type=&#8221;1_3&#8243; _builder_version=&#8221;3.25&#8243; custom_padding=&#8221;|||&#8221; custom_padding__hover=&#8221;|||&#8221;][\/et_pb_column][\/et_pb_row][et_pb_row column_structure=&#8221;1_2,1_2&#8243; custom_padding=&#8221;27px|0px|0px|0px&#8221; admin_label=&#8221;row&#8221; _builder_version=&#8221;3.25&#8243; background_size=&#8221;initial&#8221; background_position=&#8221;top_left&#8221; background_repeat=&#8221;repeat&#8221;][et_pb_column type=&#8221;1_2&#8243; _builder_version=&#8221;3.25&#8243; custom_padding=&#8221;|||&#8221; custom_padding__hover=&#8221;|||&#8221;][et_pb_text _builder_version=&#8221;3.26.5&#8243; background_size=&#8221;initial&#8221; background_position=&#8221;top_left&#8221; background_repeat=&#8221;repeat&#8221;]<\/p>\n<p class=\"\"><span style=\"font-size: 18px;\"><b>\u00bfTiene preguntas sobre Languagenut?<\/b><\/span><\/p>\n<p>Nuestro amigable equipo de atenci\u00f3n al cliente est\u00e1 disponible para responder sus preguntas sobre Languagenut, as\u00ed que si\u00e9ntase libre de contactarnos hoy mismo.<\/p>\n<p>Puede utilizar el formulario de contacto, o ponerse directamente en contacto con nosotros con los detalles del final de la p\u00e1gina.<\/p>\n<p class=\"\"><strong style=\"font-size: 14px;\">Ll\u00e1menos: <\/strong><span style=\"font-size: 14px;\"> +593996405177<\/span><\/p>\n<p class=\"\"><strong>Escr\u00edbenos:<\/strong> info@newport-ec.com <\/p>\n<p>[\/et_pb_text][et_pb_contact_form email=&#8221;support@languagenut.com&#8221; custom_message=&#8221;%%nombre%%||et_pb_line_break_holder||%%nombre_de_su_escuela%%||et_pb_line_break_holder||%%email%%||et_pb_line_break_holder||%%mensaje%%&#8221; success_message=&#8221;Gracias por tu mensaje&#8221; submit_button_text=&#8221;Enviar&#8221; _builder_version=&#8221;3.17.1&#8243;][et_pb_contact_field field_id=&#8221;Nombre&#8221; field_title=&#8221;Nombre&#8221; _builder_version=&#8221;3.17.1&#8243;][\/et_pb_contact_field][et_pb_contact_field field_id=&#8221;Nombre_de_su_escuela&#8221; field_title=&#8221;Nombre de su escuela&#8221; required_mark=&#8221;off&#8221; _builder_version=&#8221;3.17.1&#8243;][\/et_pb_contact_field][et_pb_contact_field field_id=&#8221;Email&#8221; field_title=&#8221;Email&#8221; field_type=&#8221;email&#8221; _builder_version=&#8221;3.17.1&#8243;][\/et_pb_contact_field][et_pb_contact_field field_id=&#8221;Mensaje&#8221; field_title=&#8221;Mensaje&#8221; field_type=&#8221;text&#8221; fullwidth_field=&#8221;on&#8221; _builder_version=&#8221;3.17.1&#8243;][\/et_pb_contact_field][\/et_pb_contact_form][\/et_pb_column][et_pb_column type=&#8221;1_2&#8243; _builder_version=&#8221;3.25&#8243; custom_padding=&#8221;|||&#8221; custom_padding__hover=&#8221;|||&#8221;][et_pb_text _builder_version=&#8221;3.26.5&#8243; text_orientation=&#8221;center&#8221;][\/et_pb_text][et_pb_image src=&#8221;https:\/\/s3.eu-central-1.amazonaws.com\/assets.languagenut.com\/sales_sites\/Languagenut%20Sales%20Site%20Image%20Assets\/es-cl\/EduSol%20Logo.png&#8221; url=&#8221;https:\/\/edu-sol.com\/&#8221; url_new_window=&#8221;on&#8221; align=&#8221;center&#8221; align_tablet=&#8221;center&#8221; align_last_edited=&#8221;on|desktop&#8221; _builder_version=&#8221;3.23&#8243; max_width=&#8221;53%&#8221;][\/et_pb_image][\/et_pb_column][\/et_pb_row][\/et_pb_section]<\/p>\n","protected":false},"excerpt":{"rendered":"<p>Contactenos \u00bfTiene preguntas sobre Languagenut? Nuestro amigable equipo de atenci\u00f3n al cliente est\u00e1 disponible para responder sus preguntas sobre Languagenut, as\u00ed que si\u00e9ntase libre de contactarnos hoy mismo. Puede utilizar el formulario de contacto, o ponerse directamente en contacto con nosotros con los detalles del final de la p\u00e1gina. Ll\u00e1menos: +593996405177 Escr\u00edbenos: info@newport-ec.com<\/p>\n","protected":false},"author":1,"featured_media":0,"parent":0,"menu_order":0,"comment_status":"closed","ping_status":"closed","template":"","meta":{"_et_pb_use_builder":"on","_et_pb_old_content":"","_et_gb_content_width":"","footnotes":""},"class_list":["post-973","page","type-page","status-publish","hentry"],"yoast_head":"<!-- This site is optimized with the Yoast SEO Premium plugin v23.0 (Yoast SEO v26.6) - https:\/\/yoast.com\/wordpress\/plugins\/seo\/ -->\n<title>Languagenut | Contactenos | Respuestas a tus preguntas<\/title>\n<meta name=\"description\" content=\"Obten respuestas a tus preguntas ahora. Nuestro amigable Equipo de Atenci\u00f3n al cliente est\u00e1 disponible para entregarte toda la informaci\u00f3n que necesitas, Porque no te contactas con nosotros hoy?\" \/>\n<meta name=\"robots\" content=\"index, follow, max-snippet:-1, max-image-preview:large, max-video-preview:-1\" \/>\n<link rel=\"canonical\" href=\"https:\/\/www.languagenut.com\/es-ec\/contactenos\/\" \/>\n<meta property=\"og:locale\" content=\"en_GB\" \/>\n<meta property=\"og:type\" content=\"article\" \/>\n<meta property=\"og:title\" content=\"Contactenos\" \/>\n<meta property=\"og:description\" content=\"Obten respuestas a tus preguntas ahora. Nuestro amigable Equipo de Atenci\u00f3n al cliente est\u00e1 disponible para entregarte toda la informaci\u00f3n que necesitas, Porque no te contactas con nosotros hoy?\" \/>\n<meta property=\"og:url\" content=\"https:\/\/www.languagenut.com\/es-ec\/contactenos\/\" \/>\n<meta property=\"og:site_name\" content=\"Languagenut Ecuador\" \/>\n<meta property=\"article:modified_time\" content=\"2020-05-11T09:23:30+00:00\" \/>\n<meta name=\"twitter:card\" content=\"summary_large_image\" \/>\n<meta name=\"twitter:label1\" content=\"Estimated reading time\" \/>\n\t<meta name=\"twitter:data1\" content=\"2 minutes\" \/>\n<script type=\"application\/ld+json\" class=\"yoast-schema-graph\">{\"@context\":\"https:\/\/schema.org\",\"@graph\":[{\"@type\":\"WebPage\",\"@id\":\"https:\/\/www.languagenut.com\/es-ec\/contactenos\/\",\"url\":\"https:\/\/www.languagenut.com\/es-ec\/contactenos\/\",\"name\":\"Languagenut | Contactenos | Respuestas a tus preguntas\",\"isPartOf\":{\"@id\":\"https:\/\/www.languagenut.com\/es-ec\/#website\"},\"datePublished\":\"2017-03-22T11:24:39+00:00\",\"dateModified\":\"2020-05-11T09:23:30+00:00\",\"description\":\"Obten respuestas a tus preguntas ahora. Nuestro amigable Equipo de Atenci\u00f3n al cliente est\u00e1 disponible para entregarte toda la informaci\u00f3n que necesitas, Porque no te contactas con nosotros hoy?\",\"breadcrumb\":{\"@id\":\"https:\/\/www.languagenut.com\/es-ec\/contactenos\/#breadcrumb\"},\"inLanguage\":\"en-GB\",\"potentialAction\":[{\"@type\":\"ReadAction\",\"target\":[\"https:\/\/www.languagenut.com\/es-ec\/contactenos\/\"]}]},{\"@type\":\"BreadcrumbList\",\"@id\":\"https:\/\/www.languagenut.com\/es-ec\/contactenos\/#breadcrumb\",\"itemListElement\":[{\"@type\":\"ListItem\",\"position\":1,\"name\":\"Home\",\"item\":\"https:\/\/www.languagenut.com\/es-ec\/\"},{\"@type\":\"ListItem\",\"position\":2,\"name\":\"Contactenos\"}]},{\"@type\":\"WebSite\",\"@id\":\"https:\/\/www.languagenut.com\/es-ec\/#website\",\"url\":\"https:\/\/www.languagenut.com\/es-ec\/\",\"name\":\"Languagenut Ecuador\",\"description\":\"\",\"potentialAction\":[{\"@type\":\"SearchAction\",\"target\":{\"@type\":\"EntryPoint\",\"urlTemplate\":\"https:\/\/www.languagenut.com\/es-ec\/?s={search_term_string}\"},\"query-input\":{\"@type\":\"PropertyValueSpecification\",\"valueRequired\":true,\"valueName\":\"search_term_string\"}}],\"inLanguage\":\"en-GB\"}]}<\/script>\n<!-- \/ Yoast SEO Premium plugin. -->","yoast_head_json":{"title":"Languagenut | Contactenos | Respuestas a tus preguntas","description":"Obten respuestas a tus preguntas ahora. Nuestro amigable Equipo de Atenci\u00f3n al cliente est\u00e1 disponible para entregarte toda la informaci\u00f3n que necesitas, Porque no te contactas con nosotros hoy?","robots":{"index":"index","follow":"follow","max-snippet":"max-snippet:-1","max-image-preview":"max-image-preview:large","max-video-preview":"max-video-preview:-1"},"canonical":"https:\/\/www.languagenut.com\/es-ec\/contactenos\/","og_locale":"en_GB","og_type":"article","og_title":"Contactenos","og_description":"Obten respuestas a tus preguntas ahora. Nuestro amigable Equipo de Atenci\u00f3n al cliente est\u00e1 disponible para entregarte toda la informaci\u00f3n que necesitas, Porque no te contactas con nosotros hoy?","og_url":"https:\/\/www.languagenut.com\/es-ec\/contactenos\/","og_site_name":"Languagenut Ecuador","article_modified_time":"2020-05-11T09:23:30+00:00","twitter_card":"summary_large_image","twitter_misc":{"Estimated reading time":"2 minutes"},"schema":{"@context":"https:\/\/schema.org","@graph":[{"@type":"WebPage","@id":"https:\/\/www.languagenut.com\/es-ec\/contactenos\/","url":"https:\/\/www.languagenut.com\/es-ec\/contactenos\/","name":"Languagenut | Contactenos | Respuestas a tus preguntas","isPartOf":{"@id":"https:\/\/www.languagenut.com\/es-ec\/#website"},"datePublished":"2017-03-22T11:24:39+00:00","dateModified":"2020-05-11T09:23:30+00:00","description":"Obten respuestas a tus preguntas ahora. Nuestro amigable Equipo de Atenci\u00f3n al cliente est\u00e1 disponible para entregarte toda la informaci\u00f3n que necesitas, Porque no te contactas con nosotros hoy?","breadcrumb":{"@id":"https:\/\/www.languagenut.com\/es-ec\/contactenos\/#breadcrumb"},"inLanguage":"en-GB","potentialAction":[{"@type":"ReadAction","target":["https:\/\/www.languagenut.com\/es-ec\/contactenos\/"]}]},{"@type":"BreadcrumbList","@id":"https:\/\/www.languagenut.com\/es-ec\/contactenos\/#breadcrumb","itemListElement":[{"@type":"ListItem","position":1,"name":"Home","item":"https:\/\/www.languagenut.com\/es-ec\/"},{"@type":"ListItem","position":2,"name":"Contactenos"}]},{"@type":"WebSite","@id":"https:\/\/www.languagenut.com\/es-ec\/#website","url":"https:\/\/www.languagenut.com\/es-ec\/","name":"Languagenut Ecuador","description":"","potentialAction":[{"@type":"SearchAction","target":{"@type":"EntryPoint","urlTemplate":"https:\/\/www.languagenut.com\/es-ec\/?s={search_term_string}"},"query-input":{"@type":"PropertyValueSpecification","valueRequired":true,"valueName":"search_term_string"}}],"inLanguage":"en-GB"}]}},"_links":{"self":[{"href":"https:\/\/www.languagenut.com\/es-ec\/wp-json\/wp\/v2\/pages\/973","targetHints":{"allow":["GET"]}}],"collection":[{"href":"https:\/\/www.languagenut.com\/es-ec\/wp-json\/wp\/v2\/pages"}],"about":[{"href":"https:\/\/www.languagenut.com\/es-ec\/wp-json\/wp\/v2\/types\/page"}],"author":[{"embeddable":true,"href":"https:\/\/www.languagenut.com\/es-ec\/wp-json\/wp\/v2\/users\/1"}],"replies":[{"embeddable":true,"href":"https:\/\/www.languagenut.com\/es-ec\/wp-json\/wp\/v2\/comments?post=973"}],"version-history":[{"count":30,"href":"https:\/\/www.languagenut.com\/es-ec\/wp-json\/wp\/v2\/pages\/973\/revisions"}],"predecessor-version":[{"id":2218,"href":"https:\/\/www.languagenut.com\/es-ec\/wp-json\/wp\/v2\/pages\/973\/revisions\/2218"}],"wp:attachment":[{"href":"https:\/\/www.languagenut.com\/es-ec\/wp-json\/wp\/v2\/media?parent=973"}],"curies":[{"name":"wp","href":"https:\/\/api.w.org\/{rel}","templated":true}]}}