{"id":973,"date":"2017-03-22T11:24:39","date_gmt":"2017-03-22T11:24:39","guid":{"rendered":"http:\/\/www.languagenut.com\/es-xl\/?page_id=973"},"modified":"2025-10-10T10:08:08","modified_gmt":"2025-10-10T09:08:08","slug":"contactenos","status":"publish","type":"page","link":"https:\/\/www.languagenut.com\/es-xl-en\/contactenos\/","title":{"rendered":"Cont\u00e1ctenos"},"content":{"rendered":"<p>[et_pb_section fb_built=&#8221;1&#8243; admin_label=&#8221;section&#8221; _builder_version=&#8221;4.16&#8243; custom_padding=&#8221;||0px|||&#8221; global_colors_info=&#8221;{}&#8221;][et_pb_row column_structure=&#8221;2_3,1_3&#8243; admin_label=&#8221;row&#8221; _builder_version=&#8221;4.16&#8243; background_size=&#8221;initial&#8221; background_position=&#8221;top_left&#8221; background_repeat=&#8221;repeat&#8221; custom_padding=&#8221;27px|0px|0px|0px&#8221; global_colors_info=&#8221;{}&#8221;][et_pb_column type=&#8221;2_3&#8243; _builder_version=&#8221;4.16&#8243; custom_padding=&#8221;|||&#8221; global_colors_info=&#8221;{}&#8221; custom_padding__hover=&#8221;|||&#8221;][et_pb_image src=&#8221;http:\/\/www.languagenut.com\/es-xl-en\/wp-content\/uploads\/sites\/50\/2025\/07\/CONTACTUSLATAMLOGO.png&#8221; disabled_on=&#8221;off|off|on&#8221; _builder_version=&#8221;4.21.2&#8243; _module_preset=&#8221;default&#8221; max_width=&#8221;85%&#8221; animation_style=&#8221;slide&#8221; animation_direction=&#8221;left&#8221; animation_duration=&#8221;550ms&#8221; global_colors_info=&#8221;{}&#8221;][\/et_pb_image][\/et_pb_column][et_pb_column type=&#8221;1_3&#8243; _builder_version=&#8221;4.16&#8243; custom_padding=&#8221;|||&#8221; global_colors_info=&#8221;{}&#8221; custom_padding__hover=&#8221;|||&#8221;][\/et_pb_column][\/et_pb_row][et_pb_row admin_label=&#8221;row&#8221; _builder_version=&#8221;4.21.2&#8243; background_size=&#8221;initial&#8221; background_position=&#8221;top_left&#8221; background_repeat=&#8221;repeat&#8221; custom_padding=&#8221;13px|0px|0px|0px||&#8221; global_colors_info=&#8221;{}&#8221;][et_pb_column type=&#8221;4_4&#8243; _builder_version=&#8221;4.16&#8243; custom_padding=&#8221;|||&#8221; global_colors_info=&#8221;{}&#8221; custom_padding__hover=&#8221;|||&#8221;][et_pb_image src=&#8221;http:\/\/www.languagenut.com\/es-xl-en\/wp-content\/uploads\/sites\/50\/2025\/07\/CONTACTUSLATAMLOGO-1.png&#8221; disabled_on=&#8221;on|on|off&#8221; _builder_version=&#8221;4.21.2&#8243; _module_preset=&#8221;default&#8221; max_width=&#8221;40%&#8221; module_alignment=&#8221;left&#8221; custom_margin=&#8221;||24px|||&#8221; animation_style=&#8221;slide&#8221; animation_direction=&#8221;left&#8221; animation_duration=&#8221;550ms&#8221; global_colors_info=&#8221;{}&#8221;][\/et_pb_image][et_pb_text _builder_version=&#8221;4.21.2&#8243; background_size=&#8221;initial&#8221; background_position=&#8221;top_left&#8221; background_repeat=&#8221;repeat&#8221; custom_margin=&#8221;8px|||||&#8221; hover_enabled=&#8221;0&#8243; global_colors_info=&#8221;{}&#8221; sticky_enabled=&#8221;0&#8243;]<\/p>\n<p class=\"\"><span style=\"font-size: 18px;\"><b>Get in touch today!<\/b><\/span><\/p>\n<p><span>At Languagenut, we\u2019re here to support your language learning journey. For any inquiries, please reach out to our representative Mathew, who is based in Colombia and speaks both English and Spanish. You can contact him directly at <strong><a href=\"mailto:mathewb@languagenut.com\">mathewb@languagenut.com<\/a><\/strong> and <\/span><span>he\u2019ll be happy to assist you!<\/span><\/p>\n<p class=\"\"><strong style=\"font-size: 14px;\">Phone:<\/strong><strong style=\"font-size: 14px;\">\u00a0<\/strong>(+44) 1273 457222<\/p>\n<p>[\/et_pb_text][et_pb_contact_form email=&#8221;support@languagenut.com, ARQUIMED@ARQUIMED.CL&#8221; custom_message=&#8221;%%nombre%%||et_pb_line_break_holder||%%nombre_de_tu_escuela%%||et_pb_line_break_holder||%%email%%||et_pb_line_break_holder||%%mensaje%%&#8221; success_message=&#8221;Gracias por tu mensaje&#8221; submit_button_text=&#8221;Enviar&#8221; module_id=&#8221;et_pb_contact_form_0&#8243; _builder_version=&#8221;4.21.2&#8243; _unique_id=&#8221;47bef53a-6b75-4b42-99bf-4c3b6ebe89fe&#8221; custom_margin=&#8221;||-11px|||&#8221; global_colors_info=&#8221;{}&#8221;][et_pb_contact_field field_id=&#8221;Name&#8221; field_title=&#8221;Name&#8221; _builder_version=&#8221;4.21.2&#8243; global_colors_info=&#8221;{}&#8221;][\/et_pb_contact_field][et_pb_contact_field field_id=&#8221;Name_of_your_School&#8221; field_title=&#8221;Name of Your School&#8221; required_mark=&#8221;off&#8221; _builder_version=&#8221;4.21.2&#8243; global_colors_info=&#8221;{}&#8221;][\/et_pb_contact_field][et_pb_contact_field field_id=&#8221;Email&#8221; field_title=&#8221;Email&#8221; field_type=&#8221;email&#8221; _builder_version=&#8221;4.16&#8243; global_colors_info=&#8221;{}&#8221;][\/et_pb_contact_field][et_pb_contact_field field_id=&#8221;Message&#8221; field_title=&#8221;Message&#8221; field_type=&#8221;text&#8221; fullwidth_field=&#8221;on&#8221; _builder_version=&#8221;4.21.2&#8243; global_colors_info=&#8221;{}&#8221;][\/et_pb_contact_field][\/et_pb_contact_form][\/et_pb_column][\/et_pb_row][\/et_pb_section][et_pb_section fb_built=&#8221;1&#8243; _builder_version=&#8221;4.21.2&#8243; _module_preset=&#8221;default&#8221; global_colors_info=&#8221;{}&#8221;][et_pb_row _builder_version=&#8221;4.21.2&#8243; _module_preset=&#8221;default&#8221; global_colors_info=&#8221;{}&#8221;][et_pb_column type=&#8221;4_4&#8243; _builder_version=&#8221;4.21.2&#8243; _module_preset=&#8221;default&#8221; global_colors_info=&#8221;{}&#8221;][et_pb_social_media_follow _builder_version=&#8221;4.21.2&#8243; _module_preset=&#8221;default&#8221; custom_margin=&#8221;-93px|||||&#8221; global_colors_info=&#8221;{}&#8221;][et_pb_social_media_follow_network social_network=&#8221;facebook&#8221; url=&#8221;https:\/\/www.facebook.com\/Languagenut\/&#8221; _builder_version=&#8221;4.21.2&#8243; _module_preset=&#8221;default&#8221; background_color=&#8221;#1cb5d3&#8243; background_enable_color=&#8221;on&#8221; global_colors_info=&#8221;{}&#8221; follow_button=&#8221;off&#8221; url_new_window=&#8221;on&#8221;]facebook[\/et_pb_social_media_follow_network][et_pb_social_media_follow_network social_network=&#8221;twitter&#8221; url=&#8221;https:\/\/x.com\/languagenut&#8221; _builder_version=&#8221;4.21.2&#8243; _module_preset=&#8221;default&#8221; background_color=&#8221;#1cb5d3&#8243; background_enable_color=&#8221;on&#8221; global_colors_info=&#8221;{}&#8221; follow_button=&#8221;off&#8221; url_new_window=&#8221;on&#8221;]twitter[\/et_pb_social_media_follow_network][et_pb_social_media_follow_network social_network=&#8221;instagram&#8221; url=&#8221;https:\/\/www.instagram.com\/languagenutofficial\/&#8221; _builder_version=&#8221;4.21.2&#8243; _module_preset=&#8221;default&#8221; background_color=&#8221;#1cb5d3&#8243; background_enable_color=&#8221;on&#8221; global_colors_info=&#8221;{}&#8221; follow_button=&#8221;off&#8221; url_new_window=&#8221;on&#8221;]instagram[\/et_pb_social_media_follow_network][et_pb_social_media_follow_network social_network=&#8221;youtube&#8221; url=&#8221;https:\/\/www.youtube.com\/@LanguagenutUK&#8221; _builder_version=&#8221;4.21.2&#8243; _module_preset=&#8221;default&#8221; background_color=&#8221;#1cb5d3&#8243; background_enable_color=&#8221;on&#8221; global_colors_info=&#8221;{}&#8221; follow_button=&#8221;off&#8221; url_new_window=&#8221;on&#8221;]youtube[\/et_pb_social_media_follow_network][et_pb_social_media_follow_network social_network=&#8221;linkedin&#8221; url=&#8221;https:\/\/www.linkedin.com\/company\/1558921\/&#8221; _builder_version=&#8221;4.21.2&#8243; _module_preset=&#8221;default&#8221; background_color=&#8221;#1cb5d3&#8243; background_enable_color=&#8221;on&#8221; global_colors_info=&#8221;{}&#8221; follow_button=&#8221;off&#8221; url_new_window=&#8221;on&#8221;]linkedin[\/et_pb_social_media_follow_network][\/et_pb_social_media_follow][\/et_pb_column][\/et_pb_row][\/et_pb_section]<\/p>\n","protected":false},"excerpt":{"rendered":"<p>Get in touch today! At Languagenut, we\u2019re here to support your language learning journey. For any inquiries, please reach out to our representative Mathew, who is based in Colombia and speaks both English and Spanish. You can contact him directly at mathewb@languagenut.com and he\u2019ll be happy to assist you! Phone:\u00a0(+44) 1273 457222<\/p>\n","protected":false},"author":1,"featured_media":0,"parent":0,"menu_order":0,"comment_status":"closed","ping_status":"closed","template":"","meta":{"_et_pb_use_builder":"on","_et_pb_old_content":"","_et_gb_content_width":"","footnotes":""},"class_list":["post-973","page","type-page","status-publish","hentry"],"yoast_head":"<!-- This site is optimized with the Yoast SEO Premium plugin v23.0 (Yoast SEO v26.6) - https:\/\/yoast.com\/wordpress\/plugins\/seo\/ -->\n<title>Languagenut | Cont\u00e1ctanos | Respuestas a tus preguntas<\/title>\n<meta name=\"description\" content=\"Obten respuestas a tus preguntas ahora. Nuestro amigable Equipo de Atenci\u00f3n al cliente est\u00e1 disponible para entregarte toda la informaci\u00f3n que necesitas, Porque no te contactas con nosotros hoy?\" \/>\n<meta name=\"robots\" content=\"index, follow, max-snippet:-1, max-image-preview:large, max-video-preview:-1\" \/>\n<link rel=\"canonical\" href=\"https:\/\/www.languagenut.com\/es-xl-en\/contactenos\/\" \/>\n<meta property=\"og:locale\" content=\"en_GB\" \/>\n<meta property=\"og:type\" content=\"article\" \/>\n<meta property=\"og:title\" content=\"Cont\u00e1ctenos\" \/>\n<meta property=\"og:description\" content=\"Obten respuestas a tus preguntas ahora. Nuestro amigable Equipo de Atenci\u00f3n al cliente est\u00e1 disponible para entregarte toda la informaci\u00f3n que necesitas, Porque no te contactas con nosotros hoy?\" \/>\n<meta property=\"og:url\" content=\"https:\/\/www.languagenut.com\/es-xl-en\/contactenos\/\" \/>\n<meta property=\"og:site_name\" content=\"Latin America English\" \/>\n<meta property=\"article:modified_time\" content=\"2025-10-10T09:08:08+00:00\" \/>\n<meta name=\"twitter:card\" content=\"summary_large_image\" \/>\n<meta name=\"twitter:label1\" content=\"Estimated reading time\" \/>\n\t<meta name=\"twitter:data1\" content=\"1 minute\" \/>\n<script type=\"application\/ld+json\" class=\"yoast-schema-graph\">{\"@context\":\"https:\/\/schema.org\",\"@graph\":[{\"@type\":\"WebPage\",\"@id\":\"https:\/\/www.languagenut.com\/es-xl-en\/contactenos\/\",\"url\":\"https:\/\/www.languagenut.com\/es-xl-en\/contactenos\/\",\"name\":\"Languagenut | Cont\u00e1ctanos | Respuestas a tus preguntas\",\"isPartOf\":{\"@id\":\"https:\/\/www.languagenut.com\/es-xl-en\/#website\"},\"datePublished\":\"2017-03-22T11:24:39+00:00\",\"dateModified\":\"2025-10-10T09:08:08+00:00\",\"description\":\"Obten respuestas a tus preguntas ahora. Nuestro amigable Equipo de Atenci\u00f3n al cliente est\u00e1 disponible para entregarte toda la informaci\u00f3n que necesitas, Porque no te contactas con nosotros hoy?\",\"breadcrumb\":{\"@id\":\"https:\/\/www.languagenut.com\/es-xl-en\/contactenos\/#breadcrumb\"},\"inLanguage\":\"en-GB\",\"potentialAction\":[{\"@type\":\"ReadAction\",\"target\":[\"https:\/\/www.languagenut.com\/es-xl-en\/contactenos\/\"]}]},{\"@type\":\"BreadcrumbList\",\"@id\":\"https:\/\/www.languagenut.com\/es-xl-en\/contactenos\/#breadcrumb\",\"itemListElement\":[{\"@type\":\"ListItem\",\"position\":1,\"name\":\"Home\",\"item\":\"https:\/\/www.languagenut.com\/es-xl-en\/\"},{\"@type\":\"ListItem\",\"position\":2,\"name\":\"Cont\u00e1ctenos\"}]},{\"@type\":\"WebSite\",\"@id\":\"https:\/\/www.languagenut.com\/es-xl-en\/#website\",\"url\":\"https:\/\/www.languagenut.com\/es-xl-en\/\",\"name\":\"Latin America English\",\"description\":\"\",\"potentialAction\":[{\"@type\":\"SearchAction\",\"target\":{\"@type\":\"EntryPoint\",\"urlTemplate\":\"https:\/\/www.languagenut.com\/es-xl-en\/?s={search_term_string}\"},\"query-input\":{\"@type\":\"PropertyValueSpecification\",\"valueRequired\":true,\"valueName\":\"search_term_string\"}}],\"inLanguage\":\"en-GB\"}]}<\/script>\n<!-- \/ Yoast SEO Premium plugin. -->","yoast_head_json":{"title":"Languagenut | Cont\u00e1ctanos | Respuestas a tus preguntas","description":"Obten respuestas a tus preguntas ahora. Nuestro amigable Equipo de Atenci\u00f3n al cliente est\u00e1 disponible para entregarte toda la informaci\u00f3n que necesitas, Porque no te contactas con nosotros hoy?","robots":{"index":"index","follow":"follow","max-snippet":"max-snippet:-1","max-image-preview":"max-image-preview:large","max-video-preview":"max-video-preview:-1"},"canonical":"https:\/\/www.languagenut.com\/es-xl-en\/contactenos\/","og_locale":"en_GB","og_type":"article","og_title":"Cont\u00e1ctenos","og_description":"Obten respuestas a tus preguntas ahora. Nuestro amigable Equipo de Atenci\u00f3n al cliente est\u00e1 disponible para entregarte toda la informaci\u00f3n que necesitas, Porque no te contactas con nosotros hoy?","og_url":"https:\/\/www.languagenut.com\/es-xl-en\/contactenos\/","og_site_name":"Latin America English","article_modified_time":"2025-10-10T09:08:08+00:00","twitter_card":"summary_large_image","twitter_misc":{"Estimated reading time":"1 minute"},"schema":{"@context":"https:\/\/schema.org","@graph":[{"@type":"WebPage","@id":"https:\/\/www.languagenut.com\/es-xl-en\/contactenos\/","url":"https:\/\/www.languagenut.com\/es-xl-en\/contactenos\/","name":"Languagenut | Cont\u00e1ctanos | Respuestas a tus preguntas","isPartOf":{"@id":"https:\/\/www.languagenut.com\/es-xl-en\/#website"},"datePublished":"2017-03-22T11:24:39+00:00","dateModified":"2025-10-10T09:08:08+00:00","description":"Obten respuestas a tus preguntas ahora. Nuestro amigable Equipo de Atenci\u00f3n al cliente est\u00e1 disponible para entregarte toda la informaci\u00f3n que necesitas, Porque no te contactas con nosotros hoy?","breadcrumb":{"@id":"https:\/\/www.languagenut.com\/es-xl-en\/contactenos\/#breadcrumb"},"inLanguage":"en-GB","potentialAction":[{"@type":"ReadAction","target":["https:\/\/www.languagenut.com\/es-xl-en\/contactenos\/"]}]},{"@type":"BreadcrumbList","@id":"https:\/\/www.languagenut.com\/es-xl-en\/contactenos\/#breadcrumb","itemListElement":[{"@type":"ListItem","position":1,"name":"Home","item":"https:\/\/www.languagenut.com\/es-xl-en\/"},{"@type":"ListItem","position":2,"name":"Cont\u00e1ctenos"}]},{"@type":"WebSite","@id":"https:\/\/www.languagenut.com\/es-xl-en\/#website","url":"https:\/\/www.languagenut.com\/es-xl-en\/","name":"Latin America English","description":"","potentialAction":[{"@type":"SearchAction","target":{"@type":"EntryPoint","urlTemplate":"https:\/\/www.languagenut.com\/es-xl-en\/?s={search_term_string}"},"query-input":{"@type":"PropertyValueSpecification","valueRequired":true,"valueName":"search_term_string"}}],"inLanguage":"en-GB"}]}},"_links":{"self":[{"href":"https:\/\/www.languagenut.com\/es-xl-en\/wp-json\/wp\/v2\/pages\/973","targetHints":{"allow":["GET"]}}],"collection":[{"href":"https:\/\/www.languagenut.com\/es-xl-en\/wp-json\/wp\/v2\/pages"}],"about":[{"href":"https:\/\/www.languagenut.com\/es-xl-en\/wp-json\/wp\/v2\/types\/page"}],"author":[{"embeddable":true,"href":"https:\/\/www.languagenut.com\/es-xl-en\/wp-json\/wp\/v2\/users\/1"}],"replies":[{"embeddable":true,"href":"https:\/\/www.languagenut.com\/es-xl-en\/wp-json\/wp\/v2\/comments?post=973"}],"version-history":[{"count":40,"href":"https:\/\/www.languagenut.com\/es-xl-en\/wp-json\/wp\/v2\/pages\/973\/revisions"}],"predecessor-version":[{"id":15921,"href":"https:\/\/www.languagenut.com\/es-xl-en\/wp-json\/wp\/v2\/pages\/973\/revisions\/15921"}],"wp:attachment":[{"href":"https:\/\/www.languagenut.com\/es-xl-en\/wp-json\/wp\/v2\/media?parent=973"}],"curies":[{"name":"wp","href":"https:\/\/api.w.org\/{rel}","templated":true}]}}